{"id":184,"date":"2025-04-14T16:01:04","date_gmt":"2025-04-14T19:01:04","guid":{"rendered":"http:\/\/lzmaq.com.br\/?page_id=184"},"modified":"2025-06-10T13:44:41","modified_gmt":"2025-06-10T16:44:41","slug":"maquina","status":"publish","type":"page","link":"https:\/\/old.lzmaq.com.br\/index.php\/maquina\/","title":{"rendered":"Maquina"},"content":{"rendered":"\t\t<div data-elementor-type=\"wp-page\" data-elementor-id=\"184\" class=\"elementor elementor-184\" data-elementor-post-type=\"page\">\n\t\t\t\t<div class=\"elementor-element elementor-element-4a376bc e-flex e-con-boxed e-con e-parent\" data-id=\"4a376bc\" data-element_type=\"container\" data-settings=\"{&quot;background_background&quot;:&quot;classic&quot;}\">\n\t\t\t\t\t<div class=\"e-con-inner\">\n\t\t<div class=\"elementor-element elementor-element-08b7893 e-flex e-con-boxed e-con e-child\" data-id=\"08b7893\" data-element_type=\"container\" data-settings=\"{&quot;background_background&quot;:&quot;classic&quot;}\">\n\t\t\t\t\t<div class=\"e-con-inner\">\n\t\t<div class=\"elementor-element elementor-element-18f0382 e-con-full e-flex e-con e-child\" data-id=\"18f0382\" data-element_type=\"container\">\n\t\t\t\t<div class=\"elementor-element elementor-element-f3a887d elementor--h-position-center elementor--v-position-middle elementor-arrows-position-inside elementor-pagination-position-inside elementor-widget elementor-widget-slides\" data-id=\"f3a887d\" data-element_type=\"widget\" data-settings=\"{&quot;navigation&quot;:&quot;both&quot;,&quot;autoplay&quot;:&quot;yes&quot;,&quot;pause_on_hover&quot;:&quot;yes&quot;,&quot;pause_on_interaction&quot;:&quot;yes&quot;,&quot;autoplay_speed&quot;:5000,&quot;infinite&quot;:&quot;yes&quot;,&quot;transition&quot;:&quot;slide&quot;,&quot;transition_speed&quot;:500}\" data-widget_type=\"slides.default\">\n\t\t\t\t<div class=\"elementor-widget-container\">\n\t\t\t\t\t\t\t\t\t<div class=\"elementor-swiper\">\n\t\t\t\t\t<div class=\"elementor-slides-wrapper elementor-main-swiper swiper\" role=\"region\" aria-roledescription=\"carousel\" aria-label=\"Slides\" dir=\"ltr\" data-animation=\"fadeInUp\">\n\t\t\t\t<div class=\"swiper-wrapper elementor-slides\">\n\t\t\t\t\t\t\t\t\t\t<div class=\"elementor-repeater-item-75a0900 swiper-slide\" role=\"group\" aria-roledescription=\"slide\"><div class=\"swiper-slide-bg\" role=\"img\"><\/div><div class=\"swiper-slide-inner\" ><div class=\"swiper-slide-contents\"><\/div><\/div><\/div><div class=\"elementor-repeater-item-796daff swiper-slide\" role=\"group\" aria-roledescription=\"slide\"><div class=\"swiper-slide-bg\" role=\"img\"><\/div><div class=\"swiper-slide-inner\" ><div class=\"swiper-slide-contents\"><\/div><\/div><\/div><div class=\"elementor-repeater-item-db2f1de swiper-slide\" role=\"group\" aria-roledescription=\"slide\"><div class=\"swiper-slide-bg\" role=\"img\"><\/div><div class=\"swiper-slide-inner\" ><div class=\"swiper-slide-contents\"><\/div><\/div><\/div>\t\t\t\t<\/div>\n\t\t\t\t\t\t\t\t\t\t\t\t\t\t\t<div class=\"elementor-swiper-button elementor-swiper-button-prev\" role=\"button\" tabindex=\"0\" aria-label=\"Previous slide\">\n\t\t\t\t\t\t\t<svg aria-hidden=\"true\" class=\"e-font-icon-svg e-eicon-chevron-left\" viewBox=\"0 0 1000 1000\" xmlns=\"http:\/\/www.w3.org\/2000\/svg\"><path d=\"M646 125C629 125 613 133 604 142L308 442C296 454 292 471 292 487 292 504 296 521 308 533L604 854C617 867 629 875 646 875 663 875 679 871 692 858 704 846 713 829 713 812 713 796 708 779 692 767L438 487 692 225C700 217 708 204 708 187 708 171 704 154 692 142 675 129 663 125 646 125Z\"><\/path><\/svg>\t\t\t\t\t\t<\/div>\n\t\t\t\t\t\t<div class=\"elementor-swiper-button elementor-swiper-button-next\" role=\"button\" tabindex=\"0\" aria-label=\"Next slide\">\n\t\t\t\t\t\t\t<svg aria-hidden=\"true\" class=\"e-font-icon-svg e-eicon-chevron-right\" viewBox=\"0 0 1000 1000\" xmlns=\"http:\/\/www.w3.org\/2000\/svg\"><path d=\"M696 533C708 521 713 504 713 487 713 471 708 454 696 446L400 146C388 133 375 125 354 125 338 125 325 129 313 142 300 154 292 171 292 187 292 204 296 221 308 233L563 492 304 771C292 783 288 800 288 817 288 833 296 850 308 863 321 871 338 875 354 875 371 875 388 867 400 854L696 533Z\"><\/path><\/svg>\t\t\t\t\t\t<\/div>\n\t\t\t\t\t\t\t\t\t\t\t\t\t\t\t\t<div class=\"swiper-pagination\"><\/div>\n\t\t\t\t\t\t\t\t\t\t\t\t<\/div>\n\t\t\t\t<\/div>\n\t\t\t\t\t\t\t\t<\/div>\n\t\t\t\t<\/div>\n\t\t\t\t<\/div>\n\t\t<div class=\"elementor-element elementor-element-4bd717c e-con-full e-flex e-con e-child\" data-id=\"4bd717c\" data-element_type=\"container\">\n\t\t\t\t<div class=\"elementor-element elementor-element-d8eeefd elementor-widget elementor-widget-heading\" data-id=\"d8eeefd\" data-element_type=\"widget\" data-widget_type=\"heading.default\">\n\t\t\t\t<div class=\"elementor-widget-container\">\n\t\t\t\t\t<h2 class=\"elementor-heading-title elementor-size-default\">M\u00e1quina Multifuncional para Fabrica\u00e7\u00e3o de Cabos de Vassoura\n<\/h2>\t\t\t\t<\/div>\n\t\t\t\t<\/div>\n\t\t\t\t<div class=\"elementor-element elementor-element-0e24d93 elementor-widget elementor-widget-text-editor\" data-id=\"0e24d93\" data-element_type=\"widget\" data-widget_type=\"text-editor.default\">\n\t\t\t\t<div class=\"elementor-widget-container\">\n\t\t\t\t\t\t\t\t\t<p class=\"\" data-start=\"410\" data-end=\"683\"><strong data-start=\"410\" data-end=\"478\">Versatilidade, produtividade e precis\u00e3o em um \u00fanico equipamento.<\/strong><br data-start=\"478\" data-end=\"481\" \/>Nossa M\u00e1quina Rebaixadeira, Rosqueadeira e Conificadora foi desenvolvida especialmente para atender todas as etapas essenciais da fabrica\u00e7\u00e3o de cabos para vassouras, rodos, enxadas e produtos similares.<\/p><p class=\"\" data-start=\"685\" data-end=\"904\">Com capacidade para executar at\u00e9 <strong data-start=\"718\" data-end=\"733\">4 opera\u00e7\u00f5es<\/strong> em sequ\u00eancia \u2014 <strong data-start=\"749\" data-end=\"802\">rosqueamento, destopo, conifica\u00e7\u00e3o e rebaixamento<\/strong> \u2014, ela oferece alta performance em linhas de produ\u00e7\u00e3o que exigem agilidade e acabamento profissional.<\/p><p class=\"\" data-start=\"906\" data-end=\"1144\">Ideal para empresas que atuam no setor de limpeza ou agr\u00edcola, essa m\u00e1quina opera com di\u00e2metros entre <strong data-start=\"1008\" data-end=\"1025\">16 mm e 35 mm<\/strong>, sendo <strong data-start=\"1033\" data-end=\"1084\">totalmente adapt\u00e1vel \u00e0s necessidades do cliente<\/strong>, com ajustes personalizados para diversos formatos de cabo.<\/p>\t\t\t\t\t\t\t\t<\/div>\n\t\t\t\t<\/div>\n\t\t\t\t<div class=\"elementor-element elementor-element-e436773 elementor-widget elementor-widget-text-editor\" data-id=\"e436773\" data-element_type=\"widget\" data-widget_type=\"text-editor.default\">\n\t\t\t\t<div class=\"elementor-widget-container\">\n\t\t\t\t\t\t\t\t\t<h3 class=\"\" data-start=\"1151\" data-end=\"1182\">\u2705 <strong data-start=\"1157\" data-end=\"1182\">Principais Vantagens:<\/strong><\/h3><ul data-start=\"1183\" data-end=\"1476\"><li class=\"\" data-start=\"1183\" data-end=\"1234\"><p class=\"\" data-start=\"1185\" data-end=\"1234\">Realiza at\u00e9 4 opera\u00e7\u00f5es em um \u00fanico equipamento<\/p><\/li><li class=\"\" data-start=\"1235\" data-end=\"1282\"><p class=\"\" data-start=\"1237\" data-end=\"1282\">Reduz m\u00e3o de obra e aumenta a produtividade<\/p><\/li><li class=\"\" data-start=\"1283\" data-end=\"1344\"><p class=\"\" data-start=\"1285\" data-end=\"1344\">Atende toda a linha de fabrica\u00e7\u00e3o de cabos para vassouras<\/p><\/li><li class=\"\" data-start=\"1345\" data-end=\"1414\"><p class=\"\" data-start=\"1347\" data-end=\"1414\">Sistema ajust\u00e1vel para diferentes di\u00e2metros e tipos de acabamento<\/p><\/li><li class=\"\" data-start=\"1415\" data-end=\"1476\"><p class=\"\" data-start=\"1417\" data-end=\"1476\">Constru\u00e7\u00e3o robusta e pensada para uso industrial cont\u00ednuo<\/p><\/li><\/ul>\t\t\t\t\t\t\t\t<\/div>\n\t\t\t\t<\/div>\n\t\t\t\t<\/div>\n\t\t\t\t\t<\/div>\n\t\t\t\t<\/div>\n\t\t\t\t\t<\/div>\n\t\t\t\t<\/div>\n\t\t\t\t<\/div>\n\t\t","protected":false},"excerpt":{"rendered":"<p>Previous slide Next slide M\u00e1quina Multifuncional para Fabrica\u00e7\u00e3o de Cabos de Vassoura Versatilidade, produtividade e precis\u00e3o em um \u00fanico equipamento.Nossa M\u00e1quina Rebaixadeira, Rosqueadeira e Conificadora foi desenvolvida especialmente para atender todas as etapas essenciais da fabrica\u00e7\u00e3o de cabos para vassouras, rodos, enxadas e produtos similares. Com capacidade para executar at\u00e9 4 opera\u00e7\u00f5es em sequ\u00eancia \u2014 [&hellip;]<\/p>\n","protected":false},"author":1,"featured_media":0,"parent":0,"menu_order":0,"comment_status":"closed","ping_status":"closed","template":"","meta":{"footnotes":""},"class_list":["post-184","page","type-page","status-publish","hentry"],"_links":{"self":[{"href":"https:\/\/old.lzmaq.com.br\/index.php\/wp-json\/wp\/v2\/pages\/184","targetHints":{"allow":["GET"]}}],"collection":[{"href":"https:\/\/old.lzmaq.com.br\/index.php\/wp-json\/wp\/v2\/pages"}],"about":[{"href":"https:\/\/old.lzmaq.com.br\/index.php\/wp-json\/wp\/v2\/types\/page"}],"author":[{"embeddable":true,"href":"https:\/\/old.lzmaq.com.br\/index.php\/wp-json\/wp\/v2\/users\/1"}],"replies":[{"embeddable":true,"href":"https:\/\/old.lzmaq.com.br\/index.php\/wp-json\/wp\/v2\/comments?post=184"}],"version-history":[{"count":13,"href":"https:\/\/old.lzmaq.com.br\/index.php\/wp-json\/wp\/v2\/pages\/184\/revisions"}],"predecessor-version":[{"id":223,"href":"https:\/\/old.lzmaq.com.br\/index.php\/wp-json\/wp\/v2\/pages\/184\/revisions\/223"}],"wp:attachment":[{"href":"https:\/\/old.lzmaq.com.br\/index.php\/wp-json\/wp\/v2\/media?parent=184"}],"curies":[{"name":"wp","href":"https:\/\/api.w.org\/{rel}","templated":true}]}}